{"id":79,"date":"2023-12-13T17:59:08","date_gmt":"2023-12-13T17:59:08","guid":{"rendered":"https:\/\/quirogaturismo.tur.ar\/excursiones\/?post_type=product&#038;p=79"},"modified":"2024-05-20T14:34:56","modified_gmt":"2024-05-20T14:34:56","slug":"trekking-cascada-los-chorrillos","status":"publish","type":"product","link":"https:\/\/quirogaturismo.tur.ar\/excursiones\/producto\/trekking-cascada-los-chorrillos\/","title":{"rendered":"Excursi\u00f3n Trekking Cascada Los Chorrillos"},"content":{"rendered":"<p>Excursi\u00f3n a la Cascada Los Chorrillos (la m\u00e1s alta de C\u00f3rdoba 115 mts de altura), salida a las 7:30 hs desde Villa Carlos Paz, hasta llegar a la reserva Natural Los Chorrillos, de ah\u00ed se realiza una caminata por la zona entre bosque nativos y pinares hasta la cascada.<\/p>\n<p>Duraci\u00f3n aproximada de la caminata 4 hs. Dificultad media-baja. Regreso 18.00 hs aproximadamente.<\/p>\n<ul>\n<li>No incluye entrada.<\/li>\n<li>Incluye gu\u00eda.<\/li>\n<li>Llevar almuerzo y colaciones.<\/li>\n<\/ul>\n<p>Recomendaciones:<\/p>\n<ul>\n<li>Ropa c\u00f3moda y de abrigo (siempre).<\/li>\n<li>Calzado deportivo.<\/li>\n<li>Sombrero o gorra.<\/li>\n<li>Protector solar.<\/li>\n<li>Agua.<\/li>\n<\/ul>\n","protected":false},"excerpt":{"rendered":"<p>\u00a1Ven\u00ed a hacer Trekking , en la Cascada de Los Chorrillos!<\/p>\n","protected":false},"featured_media":80,"template":"","meta":[],"product_cat":[22],"product_tag":[],"class_list":{"0":"post-79","1":"product","2":"type-product","3":"status-publish","4":"has-post-thumbnail","6":"product_cat-trekking","8":"first","9":"onbackorder","10":"shipping-taxable","11":"purchasable","12":"product-type-simple"},"_links":{"self":[{"href":"https:\/\/quirogaturismo.tur.ar\/excursiones\/wp-json\/wp\/v2\/product\/79","targetHints":{"allow":["GET"]}}],"collection":[{"href":"https:\/\/quirogaturismo.tur.ar\/excursiones\/wp-json\/wp\/v2\/product"}],"about":[{"href":"https:\/\/quirogaturismo.tur.ar\/excursiones\/wp-json\/wp\/v2\/types\/product"}],"wp:featuredmedia":[{"embeddable":true,"href":"https:\/\/quirogaturismo.tur.ar\/excursiones\/wp-json\/wp\/v2\/media\/80"}],"wp:attachment":[{"href":"https:\/\/quirogaturismo.tur.ar\/excursiones\/wp-json\/wp\/v2\/media?parent=79"}],"wp:term":[{"taxonomy":"product_cat","embeddable":true,"href":"https:\/\/quirogaturismo.tur.ar\/excursiones\/wp-json\/wp\/v2\/product_cat?post=79"},{"taxonomy":"product_tag","embeddable":true,"href":"https:\/\/quirogaturismo.tur.ar\/excursiones\/wp-json\/wp\/v2\/product_tag?post=79"}],"curies":[{"name":"wp","href":"https:\/\/api.w.org\/{rel}","templated":true}]}}